{"id":8,"date":"2018-04-04T14:59:00","date_gmt":"2018-04-04T11:59:00","guid":{"rendered":"http:\/\/saares.fi\/wordpress\/?page_id=8"},"modified":"2018-04-23T17:49:25","modified_gmt":"2018-04-23T14:49:25","slug":"henkilot","status":"publish","type":"page","link":"http:\/\/saares.fi\/?page_id=8","title":{"rendered":"HENKIL\u00d6T"},"content":{"rendered":"\t\t<div data-elementor-type=\"wp-post\" data-elementor-id=\"8\" class=\"elementor elementor-8 elementor-bc-flex-widget\" data-elementor-settings=\"[]\">\n\t\t\t\t\t\t<div class=\"elementor-inner\">\n\t\t\t\t\t\t\t<div class=\"elementor-section-wrap\">\n\t\t\t\t\t\t\t<section class=\"elementor-section elementor-top-section elementor-element elementor-element-408f8c88 elementor-section-boxed elementor-section-height-default elementor-section-height-default\" data-id=\"408f8c88\" data-element_type=\"section\">\n\t\t\t\t\t\t<div class=\"elementor-container elementor-column-gap-default\">\n\t\t\t\t\t\t\t<div class=\"elementor-row\">\n\t\t\t\t\t<div class=\"elementor-column elementor-col-50 elementor-top-column elementor-element elementor-element-24deeffd\" data-id=\"24deeffd\" data-element_type=\"column\">\n\t\t\t<div class=\"elementor-column-wrap elementor-element-populated\">\n\t\t\t\t\t\t\t<div class=\"elementor-widget-wrap\">\n\t\t\t\t\t\t<div class=\"elementor-element elementor-element-6accf90 elementor-widget elementor-widget-heading\" data-id=\"6accf90\" data-element_type=\"widget\" data-widget_type=\"heading.default\">\n\t\t\t\t<div class=\"elementor-widget-container\">\n\t\t\t<h4 class=\"elementor-heading-title elementor-size-default\">Vesa Saares<\/h4>\t\t<\/div>\n\t\t\t\t<\/div>\n\t\t\t\t<div class=\"elementor-element elementor-element-50ba498 elementor-widget elementor-widget-text-editor\" data-id=\"50ba498\" data-element_type=\"widget\" data-widget_type=\"text-editor.default\">\n\t\t\t\t<div class=\"elementor-widget-container\">\n\t\t\t\t\t\t\t\t<div class=\"elementor-text-editor elementor-clearfix\">\n\t\t\t\t<div align=\"justify\"><span style=\"background-color: rgba(0, 0, 0, 0.03); color: #686868; font-family: 'Source Code Pro', monospace; font-size: 16px;\"><\/span>\u00a0Tel. +358400416675<span style=\"background-color: rgba(0, 0, 0, 0.03); color: #686868; font-family: 'Source Code Pro', monospace; font-size: 16px;\"><\/span><\/div><div align=\"justify\">\u00a0v.saares(at)saares.fi<\/div>\t\t\t\t\t<\/div>\n\t\t\t\t\t\t<\/div>\n\t\t\t\t<\/div>\n\t\t\t\t<div class=\"elementor-element elementor-element-d16c26d elementor-widget elementor-widget-heading\" data-id=\"d16c26d\" data-element_type=\"widget\" data-widget_type=\"heading.default\">\n\t\t\t\t<div class=\"elementor-widget-container\">\n\t\t\t<h4 class=\"elementor-heading-title elementor-size-default\">Koulutus\n<br><\/h4>\t\t<\/div>\n\t\t\t\t<\/div>\n\t\t\t\t<div class=\"elementor-element elementor-element-5382970 elementor-widget elementor-widget-text-editor\" data-id=\"5382970\" data-element_type=\"widget\" data-widget_type=\"text-editor.default\">\n\t\t\t\t<div class=\"elementor-widget-container\">\n\t\t\t\t\t\t\t\t<div class=\"elementor-text-editor elementor-clearfix\">\n\t\t\t\t<div align=\"justify\"><p class=\"p1\"><br \/><span style=\"font-family: Calibri, sans-serif; font-size: small;\"><span style=\"font-family: 'Times New Roman', serif; font-size: medium;\">1988\u00a0 \u00a0 \u00a0 \u00a0 \u00a0 \u00a0 \u00a0 \u00a0OTK, Helsingin yliopisto<\/span><\/span><\/p><\/div>\t\t\t\t\t<\/div>\n\t\t\t\t\t\t<\/div>\n\t\t\t\t<\/div>\n\t\t\t\t<div class=\"elementor-element elementor-element-1a6bb9f elementor-widget elementor-widget-heading\" data-id=\"1a6bb9f\" data-element_type=\"widget\" data-widget_type=\"heading.default\">\n\t\t\t\t<div class=\"elementor-widget-container\">\n\t\t\t<h4 class=\"elementor-heading-title elementor-size-default\">Ura<\/h4>\t\t<\/div>\n\t\t\t\t<\/div>\n\t\t\t\t<div class=\"elementor-element elementor-element-b90bba4 elementor-widget elementor-widget-text-editor\" data-id=\"b90bba4\" data-element_type=\"widget\" data-widget_type=\"text-editor.default\">\n\t\t\t\t<div class=\"elementor-widget-container\">\n\t\t\t\t\t\t\t\t<div class=\"elementor-text-editor elementor-clearfix\">\n\t\t\t\t<p class=\"p1\">1988 &#8211; 1991\u00a0\u00a0\u00a0 Kansallisrahoitus Oy,<\/p><p class=\"p2\">\u00a0\u00a0\u00a0\u00a0\u00a0\u00a0\u00a0\u00a0\u00a0\u00a0\u00a0\u00a0\u00a0\u00a0\u00a0\u00a0\u00a0\u00a0\u00a0\u00a0\u00a0 \u00a0\u00a0\u00a0\u00a0\u00a0\u00a0\u00a0\u00a0\u00a0\u00a0\u00a0\u00a0\u00a0\u00a0\u00a0\u00a0\u00a0\u00a0\u00a0\u00a0\u00a0 lakimies\u00a0\u00a0\u00a0\u00a0\u00a0\u00a0\u00a0\u00a0<\/p><p class=\"p2\">1991 &#8211; 1994\u00a0\u00a0\u00a0 Kansallisrahoitus Oy,<\/p><p class=\"p2\">\u00a0\u00a0\u00a0\u00a0\u00a0\u00a0\u00a0\u00a0\u00a0\u00a0\u00a0\u00a0\u00a0\u00a0\u00a0\u00a0\u00a0\u00a0\u00a0\u00a0\u00a0\u00a0\u00a0\u00a0\u00a0\u00a0\u00a0\u00a0 \u00a0\u00a0\u00a0\u00a0\u00a0\u00a0\u00a0\u00a0\u00a0\u00a0\u00a0\u00a0\u00a0 lakiasianosaston p\u00e4\u00e4llikk\u00f6\u00a0\u00a0\u00a0\u00a0\u00a0\u00a0\u00a0<\/p><p class=\"p2\">1994 \u2013 2016\u00a0 \u00a0 Asianajotoimisto Nousiainen &amp;\u00a0Saares\u00a0Oy,<\/p><p class=\"p2\">\u00a0 \u00a0 \u00a0 \u00a0 \u00a0 \u00a0 \u00a0 \u00a0 \u00a0 \u00a0 \u00a0 \u00a0 \u00a0 \u00a0 \u00a0 \u00a0 \u00a0 \u00a0 \u00a0 \u00a0 \u00a0 \u00a0osakas<\/p><p class=\"p2\">2016\u00a0 &#8211;\u00a0 \u00a0 \u00a0 \u00a0 \u00a0 \u00a0 \u00a0 Asianajotoimisto\u00a0Saares\u00a0Oy,\u00a0<\/p><p class=\"p2\">\u00a0 \u00a0 \u00a0 \u00a0 \u00a0 \u00a0 \u00a0 \u00a0 \u00a0 \u00a0 \u00a0 \u00a0 \u00a0 \u00a0 \u00a0 \u00a0 \u00a0 \u00a0 \u00a0 \u00a0 \u00a0 \u00a0osakas<\/p>\t\t\t\t\t<\/div>\n\t\t\t\t\t\t<\/div>\n\t\t\t\t<\/div>\n\t\t\t\t<div class=\"elementor-element elementor-element-17c64b3 elementor-widget elementor-widget-heading\" data-id=\"17c64b3\" data-element_type=\"widget\" data-widget_type=\"heading.default\">\n\t\t\t\t<div class=\"elementor-widget-container\">\n\t\t\t<h4 class=\"elementor-heading-title elementor-size-default\">Kielitaito:\n<\/h4>\t\t<\/div>\n\t\t\t\t<\/div>\n\t\t\t\t<div class=\"elementor-element elementor-element-86fbe3e elementor-widget elementor-widget-text-editor\" data-id=\"86fbe3e\" data-element_type=\"widget\" data-widget_type=\"text-editor.default\">\n\t\t\t\t<div class=\"elementor-widget-container\">\n\t\t\t\t\t\t\t\t<div class=\"elementor-text-editor elementor-clearfix\">\n\t\t\t\t<p class=\"p1\">Suomi, englanti, ruotsi<\/p>\t\t\t\t\t<\/div>\n\t\t\t\t\t\t<\/div>\n\t\t\t\t<\/div>\n\t\t\t\t<div class=\"elementor-element elementor-element-05c3e2d elementor-widget elementor-widget-heading\" data-id=\"05c3e2d\" data-element_type=\"widget\" data-widget_type=\"heading.default\">\n\t\t\t\t<div class=\"elementor-widget-container\">\n\t\t\t<h4 class=\"elementor-heading-title elementor-size-default\">Muuta<\/h4>\t\t<\/div>\n\t\t\t\t<\/div>\n\t\t\t\t<div class=\"elementor-element elementor-element-20cebc5 elementor-widget elementor-widget-text-editor\" data-id=\"20cebc5\" data-element_type=\"widget\" data-widget_type=\"text-editor.default\">\n\t\t\t\t<div class=\"elementor-widget-container\">\n\t\t\t\t\t\t\t\t<div class=\"elementor-text-editor elementor-clearfix\">\n\t\t\t\t<p class=\"p1\"> Suomen Asianajajaliiton j\u00e4senyys vuodesta 1996 alkaen.<\/p>\t\t\t\t\t<\/div>\n\t\t\t\t\t\t<\/div>\n\t\t\t\t<\/div>\n\t\t\t\t<div class=\"elementor-element elementor-element-b1d4bce elementor-widget elementor-widget-heading\" data-id=\"b1d4bce\" data-element_type=\"widget\" data-widget_type=\"heading.default\">\n\t\t\t\t<div class=\"elementor-widget-container\">\n\t\t\t<h4 class=\"elementor-heading-title elementor-size-default\">Vesa Saares on mm.:<\/h4>\t\t<\/div>\n\t\t\t\t<\/div>\n\t\t\t\t<div class=\"elementor-element elementor-element-191c797 elementor-widget elementor-widget-text-editor\" data-id=\"191c797\" data-element_type=\"widget\" data-widget_type=\"text-editor.default\">\n\t\t\t\t<div class=\"elementor-widget-container\">\n\t\t\t\t\t\t\t\t<div class=\"elementor-text-editor elementor-clearfix\">\n\t\t\t\t<p class=\"p1\"><\/p><ul><li class=\"p1\">Edustanut rahoittajia tai\u00a0 asiakkaita leasing-saatavarahoitushankkeissa;<\/li><\/ul><ul class=\"ul1\"><li class=\"li2\">Edustanut rahoittajia tai lainanottajia luotto- ja vakuusj\u00e4rjestelyiss\u00e4;<\/li><li class=\"li2\">Avustanut kiinteist\u00f6- tai muita sijoittajia sijoitusj\u00e4rjestelyn eri vaiheissa;<\/li><li class=\"li2\">Edustanut myyj\u00e4\u00e4, ostajaa tai kohdeyhti\u00f6t\u00e4 yrityskaupassa tai muussa yritysj\u00e4rjestelyss\u00e4;<\/li><li class=\"li2\">Avustanut asianosaisia erilaisissa riita-, vahingonkorvaus- tai muissa oikeudenk\u00e4ynneiss\u00e4<\/li><li class=\"li2\">Toiminut yrityssaneerausselvitt\u00e4j\u00e4n\u00e4 ja valvojana; <\/li><\/ul>\t\t\t\t\t<\/div>\n\t\t\t\t\t\t<\/div>\n\t\t\t\t<\/div>\n\t\t\t\t\t\t<\/div>\n\t\t\t\t\t<\/div>\n\t\t<\/div>\n\t\t\t\t<div class=\"elementor-column elementor-col-50 elementor-top-column elementor-element elementor-element-7425414\" data-id=\"7425414\" data-element_type=\"column\">\n\t\t\t<div class=\"elementor-column-wrap elementor-element-populated\">\n\t\t\t\t\t\t\t<div class=\"elementor-widget-wrap\">\n\t\t\t\t\t\t<div class=\"elementor-element elementor-element-c0906dc elementor-widget elementor-widget-image\" data-id=\"c0906dc\" data-element_type=\"widget\" data-widget_type=\"image.default\">\n\t\t\t\t<div class=\"elementor-widget-container\">\n\t\t\t\t\t\t\t\t<div class=\"elementor-image\">\n\t\t\t\t\t\t\t\t\t\t\t\t<img width=\"665\" height=\"1024\" src=\"http:\/\/saares.fi\/wordpress\/wp-content\/uploads\/2018\/04\/Vesa-Saares_16@03x-1-665x1024.jpg\" class=\"attachment-large size-large\" alt=\"\" loading=\"lazy\" srcset=\"http:\/\/saares.fi\/wordpress\/wp-content\/uploads\/2018\/04\/Vesa-Saares_16@03x-1-665x1024.jpg 665w, http:\/\/saares.fi\/wordpress\/wp-content\/uploads\/2018\/04\/Vesa-Saares_16@03x-1-195x300.jpg 195w, http:\/\/saares.fi\/wordpress\/wp-content\/uploads\/2018\/04\/Vesa-Saares_16@03x-1-768x1183.jpg 768w, http:\/\/saares.fi\/wordpress\/wp-content\/uploads\/2018\/04\/Vesa-Saares_16@03x-1-750x1155.jpg 750w, http:\/\/saares.fi\/wordpress\/wp-content\/uploads\/2018\/04\/Vesa-Saares_16@03x-1.jpg 1121w\" sizes=\"(max-width: 665px) 100vw, 665px\" \/>\t\t\t\t\t\t\t\t\t\t\t\t\t\t<\/div>\n\t\t\t\t\t\t<\/div>\n\t\t\t\t<\/div>\n\t\t\t\t\t\t<\/div>\n\t\t\t\t\t<\/div>\n\t\t<\/div>\n\t\t\t\t\t\t\t\t<\/div>\n\t\t\t\t\t<\/div>\n\t\t<\/section>\n\t\t\t\t\t\t<\/div>\n\t\t\t\t\t\t<\/div>\n\t\t\t\t\t<\/div>\n\t\t","protected":false},"excerpt":{"rendered":"<p>Vesa Saares \u00a0Tel. +358400416675\u00a0v.saares(at)saares.fi Koulutus 1988\u00a0 \u00a0 \u00a0 \u00a0 \u00a0 \u00a0 \u00a0 \u00a0OTK, Helsingin yliopisto Ura 1988 &#8211; 1991\u00a0\u00a0\u00a0 Kansallisrahoitus Oy, \u00a0\u00a0\u00a0\u00a0\u00a0\u00a0\u00a0\u00a0\u00a0\u00a0\u00a0\u00a0\u00a0\u00a0\u00a0\u00a0\u00a0\u00a0\u00a0\u00a0\u00a0 \u00a0\u00a0\u00a0\u00a0\u00a0\u00a0\u00a0\u00a0\u00a0\u00a0\u00a0\u00a0\u00a0\u00a0\u00a0\u00a0\u00a0\u00a0\u00a0\u00a0\u00a0 lakimies\u00a0\u00a0\u00a0\u00a0\u00a0\u00a0\u00a0\u00a0 1991 &#8211; 1994\u00a0\u00a0\u00a0 Kansallisrahoitus Oy, \u00a0\u00a0\u00a0\u00a0\u00a0\u00a0\u00a0\u00a0\u00a0\u00a0\u00a0\u00a0\u00a0\u00a0\u00a0\u00a0\u00a0\u00a0\u00a0\u00a0\u00a0\u00a0\u00a0\u00a0\u00a0\u00a0\u00a0\u00a0 \u00a0\u00a0\u00a0\u00a0\u00a0\u00a0\u00a0\u00a0\u00a0\u00a0\u00a0\u00a0\u00a0 lakiasianosaston p\u00e4\u00e4llikk\u00f6\u00a0\u00a0\u00a0\u00a0\u00a0\u00a0\u00a0 1994 \u2013 2016\u00a0 \u00a0 Asianajotoimisto Nousiainen &amp;\u00a0Saares\u00a0Oy, \u00a0 \u00a0 \u00a0 \u00a0 \u00a0 \u00a0 \u00a0 \u00a0 \u00a0 \u00a0 \u00a0 \u00a0 \u00a0 \u00a0 \u00a0 [&hellip;]<\/p>\n","protected":false},"author":1,"featured_media":0,"parent":0,"menu_order":0,"comment_status":"closed","ping_status":"closed","template":"","meta":[],"_links":{"self":[{"href":"http:\/\/saares.fi\/index.php?rest_route=\/wp\/v2\/pages\/8"}],"collection":[{"href":"http:\/\/saares.fi\/index.php?rest_route=\/wp\/v2\/pages"}],"about":[{"href":"http:\/\/saares.fi\/index.php?rest_route=\/wp\/v2\/types\/page"}],"author":[{"embeddable":true,"href":"http:\/\/saares.fi\/index.php?rest_route=\/wp\/v2\/users\/1"}],"replies":[{"embeddable":true,"href":"http:\/\/saares.fi\/index.php?rest_route=%2Fwp%2Fv2%2Fcomments&post=8"}],"version-history":[{"count":59,"href":"http:\/\/saares.fi\/index.php?rest_route=\/wp\/v2\/pages\/8\/revisions"}],"predecessor-version":[{"id":494,"href":"http:\/\/saares.fi\/index.php?rest_route=\/wp\/v2\/pages\/8\/revisions\/494"}],"wp:attachment":[{"href":"http:\/\/saares.fi\/index.php?rest_route=%2Fwp%2Fv2%2Fmedia&parent=8"}],"curies":[{"name":"wp","href":"https:\/\/api.w.org\/{rel}","templated":true}]}}