{"id":10,"date":"2018-04-04T14:59:14","date_gmt":"2018-04-04T11:59:14","guid":{"rendered":"http:\/\/saares.fi\/wordpress\/?page_id=10"},"modified":"2018-04-23T15:15:10","modified_gmt":"2018-04-23T12:15:10","slug":"palvelut","status":"publish","type":"page","link":"http:\/\/saares.fi\/?page_id=10","title":{"rendered":"PALVELUT"},"content":{"rendered":"\t\t<div data-elementor-type=\"wp-post\" data-elementor-id=\"10\" class=\"elementor elementor-10 elementor-bc-flex-widget\" data-elementor-settings=\"[]\">\n\t\t\t\t\t\t<div class=\"elementor-inner\">\n\t\t\t\t\t\t\t<div class=\"elementor-section-wrap\">\n\t\t\t\t\t\t\t<section class=\"elementor-section elementor-top-section elementor-element elementor-element-9bc3ab8 elementor-section-boxed elementor-section-height-default elementor-section-height-default\" data-id=\"9bc3ab8\" data-element_type=\"section\">\n\t\t\t\t\t\t<div class=\"elementor-container elementor-column-gap-default\">\n\t\t\t\t\t\t\t<div class=\"elementor-row\">\n\t\t\t\t\t<div class=\"elementor-column elementor-col-100 elementor-top-column elementor-element elementor-element-739206e\" data-id=\"739206e\" data-element_type=\"column\">\n\t\t\t<div class=\"elementor-column-wrap elementor-element-populated\">\n\t\t\t\t\t\t\t<div class=\"elementor-widget-wrap\">\n\t\t\t\t\t\t<div class=\"elementor-element elementor-element-6bf49b0 elementor-widget elementor-widget-heading\" data-id=\"6bf49b0\" data-element_type=\"widget\" data-widget_type=\"heading.default\">\n\t\t\t\t<div class=\"elementor-widget-container\">\n\t\t\t<h2 class=\"elementor-heading-title elementor-size-large\">Yleisen liikejuridiikan ohella erityisosaamisemme alueet ovat:<\/h2>\t\t<\/div>\n\t\t\t\t<\/div>\n\t\t\t\t\t\t<\/div>\n\t\t\t\t\t<\/div>\n\t\t<\/div>\n\t\t\t\t\t\t\t\t<\/div>\n\t\t\t\t\t<\/div>\n\t\t<\/section>\n\t\t\t\t<section class=\"elementor-section elementor-top-section elementor-element elementor-element-56c0a6c3 elementor-section-boxed elementor-section-height-default elementor-section-height-default\" data-id=\"56c0a6c3\" data-element_type=\"section\" data-settings=\"{&quot;background_background&quot;:&quot;classic&quot;}\">\n\t\t\t\t\t\t<div class=\"elementor-container elementor-column-gap-default\">\n\t\t\t\t\t\t\t<div class=\"elementor-row\">\n\t\t\t\t\t<div class=\"elementor-column elementor-col-50 elementor-top-column elementor-element elementor-element-4bbc17a6\" data-id=\"4bbc17a6\" data-element_type=\"column\">\n\t\t\t<div class=\"elementor-column-wrap elementor-element-populated\">\n\t\t\t\t\t\t\t<div class=\"elementor-widget-wrap\">\n\t\t\t\t\t\t<div class=\"elementor-element elementor-element-0f4424e elementor-view-default elementor-widget elementor-widget-icon\" data-id=\"0f4424e\" data-element_type=\"widget\" data-widget_type=\"icon.default\">\n\t\t\t\t<div class=\"elementor-widget-container\">\n\t\t\t\t\t<div class=\"elementor-icon-wrapper\">\n\t\t\t<div class=\"elementor-icon\">\n\t\t\t\t\t\t\t<i class=\"fa fa-euro\" aria-hidden=\"true\"><\/i>\n\t\t\t\t\t\t<\/div>\n\t\t<\/div>\n\t\t\t\t<\/div>\n\t\t\t\t<\/div>\n\t\t\t\t<div class=\"elementor-element elementor-element-1605b56 elementor-widget elementor-widget-heading\" data-id=\"1605b56\" data-element_type=\"widget\" data-widget_type=\"heading.default\">\n\t\t\t\t<div class=\"elementor-widget-container\">\n\t\t\t<h2 class=\"elementor-heading-title elementor-size-medium\">LEASING JA MUU RAHOITUS\n<\/h2>\t\t<\/div>\n\t\t\t\t<\/div>\n\t\t\t\t<div class=\"elementor-element elementor-element-035fb31 elementor-widget elementor-widget-text-editor\" data-id=\"035fb31\" data-element_type=\"widget\" data-widget_type=\"text-editor.default\">\n\t\t\t\t<div class=\"elementor-widget-container\">\n\t\t\t\t\t\t\t\t<div class=\"elementor-text-editor elementor-clearfix\">\n\t\t\t\t<p>Yleisen rahoitus- ja pankkijuridiikan sek\u00e4 vakuusoikeuden lis\u00e4ksi olemme leasing-, osamaksu- ja saatavarahoituksen erityisasiantuntijoita.\u00a0<\/p>\t\t\t\t\t<\/div>\n\t\t\t\t\t\t<\/div>\n\t\t\t\t<\/div>\n\t\t\t\t<div class=\"elementor-element elementor-element-04e86e6 elementor-view-default elementor-widget elementor-widget-icon\" data-id=\"04e86e6\" data-element_type=\"widget\" data-widget_type=\"icon.default\">\n\t\t\t\t<div class=\"elementor-widget-container\">\n\t\t\t\t\t<div class=\"elementor-icon-wrapper\">\n\t\t\t<div class=\"elementor-icon\">\n\t\t\t\t\t\t\t<i class=\"fa fa-bank\" aria-hidden=\"true\"><\/i>\n\t\t\t\t\t\t<\/div>\n\t\t<\/div>\n\t\t\t\t<\/div>\n\t\t\t\t<\/div>\n\t\t\t\t<div class=\"elementor-element elementor-element-a2deb34 elementor-widget elementor-widget-heading\" data-id=\"a2deb34\" data-element_type=\"widget\" data-widget_type=\"heading.default\">\n\t\t\t\t<div class=\"elementor-widget-container\">\n\t\t\t<h2 class=\"elementor-heading-title elementor-size-medium\">INSOLVENSSIOIKEUS<\/h2>\t\t<\/div>\n\t\t\t\t<\/div>\n\t\t\t\t<div class=\"elementor-element elementor-element-b34d51a elementor-widget elementor-widget-text-editor\" data-id=\"b34d51a\" data-element_type=\"widget\" data-widget_type=\"text-editor.default\">\n\t\t\t\t<div class=\"elementor-widget-container\">\n\t\t\t\t\t\t\t\t<div class=\"elementor-text-editor elementor-clearfix\">\n\t\t\t\t<p class=\"p1\">Maksukyvytt\u00f6myystilanteet vaihtelevat erilaisista tilap\u00e4isist\u00e4 tilanteista, joissa osapuolet tekev\u00e4t tarvittavat j\u00e4rjestelyt vapaaehtoisesti, lainmukaisiin yrityssaneeraus- ja konkurssimenettelyihin. Mik\u00e4li vapaaehtoiset j\u00e4rjestelyt eiv\u00e4t ole mahdollisia ja liiketoiminta on jatkamiskelpoista, saattaa yrityssaneeraus \u00adturvata kaikkien asianosaisten edut kaikkein parhaiten. Tarvittaessa valvomme asianosaisen etua erilaisissa maksukyvytt\u00f6myystilanteissa tai toimimme konkurssipesien hoitajina tai yritys\u00adsaneerauslain mukaisina selvitt\u00e4jin\u00e4.<\/p>\t\t\t\t\t<\/div>\n\t\t\t\t\t\t<\/div>\n\t\t\t\t<\/div>\n\t\t\t\t<div class=\"elementor-element elementor-element-45e7065 elementor-view-default elementor-widget elementor-widget-icon\" data-id=\"45e7065\" data-element_type=\"widget\" data-widget_type=\"icon.default\">\n\t\t\t\t<div class=\"elementor-widget-container\">\n\t\t\t\t\t<div class=\"elementor-icon-wrapper\">\n\t\t\t<div class=\"elementor-icon\">\n\t\t\t\t\t\t\t<i class=\"fa fa-balance-scale\" aria-hidden=\"true\"><\/i>\n\t\t\t\t\t\t<\/div>\n\t\t<\/div>\n\t\t\t\t<\/div>\n\t\t\t\t<\/div>\n\t\t\t\t<div class=\"elementor-element elementor-element-8993d7f elementor-widget elementor-widget-heading\" data-id=\"8993d7f\" data-element_type=\"widget\" data-widget_type=\"heading.default\">\n\t\t\t\t<div class=\"elementor-widget-container\">\n\t\t\t<h2 class=\"elementor-heading-title elementor-size-medium\">OIKEUDENK\u00c4YNNIT\n<\/h2>\t\t<\/div>\n\t\t\t\t<\/div>\n\t\t\t\t<div class=\"elementor-element elementor-element-11725fc elementor-widget elementor-widget-text-editor\" data-id=\"11725fc\" data-element_type=\"widget\" data-widget_type=\"text-editor.default\">\n\t\t\t\t<div class=\"elementor-widget-container\">\n\t\t\t\t\t\t\t\t<div class=\"elementor-text-editor elementor-clearfix\">\n\t\t\t\t<p class=\"p1\">Jos oikeudenk\u00e4ynti ei ole v\u00e4ltett\u00e4viss\u00e4, osapuolen t\u00e4ytyy olla varma siit\u00e4, ett\u00e4 prosessi hoidetaan p\u00e4tev\u00e4sti ja tehokkaasti.\u00a0 Toimistomme edustaa asiakkaitaan oikeudenk\u00e4ynneiss\u00e4.<\/p>\t\t\t\t\t<\/div>\n\t\t\t\t\t\t<\/div>\n\t\t\t\t<\/div>\n\t\t\t\t\t\t<\/div>\n\t\t\t\t\t<\/div>\n\t\t<\/div>\n\t\t\t\t<div class=\"elementor-column elementor-col-50 elementor-top-column elementor-element elementor-element-ba54137\" data-id=\"ba54137\" data-element_type=\"column\">\n\t\t\t<div class=\"elementor-column-wrap elementor-element-populated\">\n\t\t\t\t\t\t\t<div class=\"elementor-widget-wrap\">\n\t\t\t\t\t\t<div class=\"elementor-element elementor-element-aa18f62 elementor-view-default elementor-widget elementor-widget-icon\" data-id=\"aa18f62\" data-element_type=\"widget\" data-widget_type=\"icon.default\">\n\t\t\t\t<div class=\"elementor-widget-container\">\n\t\t\t\t\t<div class=\"elementor-icon-wrapper\">\n\t\t\t<div class=\"elementor-icon\">\n\t\t\t\t\t\t\t<i class=\"fa fa-building\" aria-hidden=\"true\"><\/i>\n\t\t\t\t\t\t<\/div>\n\t\t<\/div>\n\t\t\t\t<\/div>\n\t\t\t\t<\/div>\n\t\t\t\t<div class=\"elementor-element elementor-element-bd71545 elementor-widget elementor-widget-heading\" data-id=\"bd71545\" data-element_type=\"widget\" data-widget_type=\"heading.default\">\n\t\t\t\t<div class=\"elementor-widget-container\">\n\t\t\t<h2 class=\"elementor-heading-title elementor-size-medium\">YHTI\u00d6OIKEUS<\/h2>\t\t<\/div>\n\t\t\t\t<\/div>\n\t\t\t\t<div class=\"elementor-element elementor-element-8d66c51 elementor-widget elementor-widget-text-editor\" data-id=\"8d66c51\" data-element_type=\"widget\" data-widget_type=\"text-editor.default\">\n\t\t\t\t<div class=\"elementor-widget-container\">\n\t\t\t\t\t\t\t\t<div class=\"elementor-text-editor elementor-clearfix\">\n\t\t\t\t<p>Yhti\u00f6iden perustamiseen ja toimintaan liittyvien rutiininomaisten lakiasioiden lis\u00e4ksi avustamme my\u00f6s muissa yhti\u00f6oikeuden kysymyksiss\u00e4, kuten esim. yhti\u00f6muodon ja yhti\u00f6j\u00e4rjestyksen muutokset, osakep\u00e4\u00e4oman muutokset, osakkeiden lunastukset, osakkaan ja yhti\u00f6n toimielinten j\u00e4senten asema suhteessa yhti\u00f6\u00f6n ja sen velkojiin sek\u00e4 osakkaiden keskin\u00e4iset suhteet.<\/p>\t\t\t\t\t<\/div>\n\t\t\t\t\t\t<\/div>\n\t\t\t\t<\/div>\n\t\t\t\t<div class=\"elementor-element elementor-element-bd14c5d elementor-view-default elementor-widget elementor-widget-icon\" data-id=\"bd14c5d\" data-element_type=\"widget\" data-widget_type=\"icon.default\">\n\t\t\t\t<div class=\"elementor-widget-container\">\n\t\t\t\t\t<div class=\"elementor-icon-wrapper\">\n\t\t\t<div class=\"elementor-icon\">\n\t\t\t\t\t\t\t<i class=\"fa fa-briefcase\" aria-hidden=\"true\"><\/i>\n\t\t\t\t\t\t<\/div>\n\t\t<\/div>\n\t\t\t\t<\/div>\n\t\t\t\t<\/div>\n\t\t\t\t<div class=\"elementor-element elementor-element-9c69196 elementor-widget elementor-widget-heading\" data-id=\"9c69196\" data-element_type=\"widget\" data-widget_type=\"heading.default\">\n\t\t\t\t<div class=\"elementor-widget-container\">\n\t\t\t<h2 class=\"elementor-heading-title elementor-size-medium\">YRITYSKAUPPA JA YRITYSJ\u00c4RJESTELYT<\/h2>\t\t<\/div>\n\t\t\t\t<\/div>\n\t\t\t\t<div class=\"elementor-element elementor-element-ee3b610 elementor-widget elementor-widget-text-editor\" data-id=\"ee3b610\" data-element_type=\"widget\" data-widget_type=\"text-editor.default\">\n\t\t\t\t<div class=\"elementor-widget-container\">\n\t\t\t\t\t\t\t\t<div class=\"elementor-text-editor elementor-clearfix\">\n\t\t\t\t<p>Yrityskauppa, liiketoiminnan kauppa tai yhti\u00f6itt\u00e4minen, fuusio tai muu liiketoiminnan uudelleenj\u00e4rjestely on kokonaisvaltainen prosessi, jonka toteuttamisessa on hallittava kokonaisuus ja osattava huomioida mm. verotukseen, kirjanpitoon, yhti\u00f6-, sopimus- ja ty\u00f6oikeu\u00adteen sek\u00e4 rahoitukseen liittyv\u00e4t olennaiset seikat. Samalla on ymm\u00e4rrett\u00e4v\u00e4 j\u00e4rjestelyn perusteet ja tavoitteet sek\u00e4 pystytt\u00e4v\u00e4 saumattomaan yhteisty\u00f6h\u00f6n muiden asiantuntijoiden ja kaikkien asianosaisten kanssa.\u00a0 \u00a0\u00a0<\/p>\t\t\t\t\t<\/div>\n\t\t\t\t\t\t<\/div>\n\t\t\t\t<\/div>\n\t\t\t\t\t\t<\/div>\n\t\t\t\t\t<\/div>\n\t\t<\/div>\n\t\t\t\t\t\t\t\t<\/div>\n\t\t\t\t\t<\/div>\n\t\t<\/section>\n\t\t\t\t\t\t<\/div>\n\t\t\t\t\t\t<\/div>\n\t\t\t\t\t<\/div>\n\t\t","protected":false},"excerpt":{"rendered":"<p>Yleisen liikejuridiikan ohella erityisosaamisemme alueet ovat: LEASING JA MUU RAHOITUS Yleisen rahoitus- ja pankkijuridiikan sek\u00e4 vakuusoikeuden lis\u00e4ksi olemme leasing-, osamaksu- ja saatavarahoituksen erityisasiantuntijoita.\u00a0 INSOLVENSSIOIKEUS Maksukyvytt\u00f6myystilanteet vaihtelevat erilaisista tilap\u00e4isist\u00e4 tilanteista, joissa osapuolet tekev\u00e4t tarvittavat j\u00e4rjestelyt vapaaehtoisesti, lainmukaisiin yrityssaneeraus- ja konkurssimenettelyihin. Mik\u00e4li vapaaehtoiset j\u00e4rjestelyt eiv\u00e4t ole mahdollisia ja liiketoiminta on jatkamiskelpoista, saattaa yrityssaneeraus \u00adturvata kaikkien asianosaisten edut [&hellip;]<\/p>\n","protected":false},"author":1,"featured_media":0,"parent":0,"menu_order":0,"comment_status":"closed","ping_status":"closed","template":"","meta":[],"_links":{"self":[{"href":"http:\/\/saares.fi\/index.php?rest_route=\/wp\/v2\/pages\/10"}],"collection":[{"href":"http:\/\/saares.fi\/index.php?rest_route=\/wp\/v2\/pages"}],"about":[{"href":"http:\/\/saares.fi\/index.php?rest_route=\/wp\/v2\/types\/page"}],"author":[{"embeddable":true,"href":"http:\/\/saares.fi\/index.php?rest_route=\/wp\/v2\/users\/1"}],"replies":[{"embeddable":true,"href":"http:\/\/saares.fi\/index.php?rest_route=%2Fwp%2Fv2%2Fcomments&post=10"}],"version-history":[{"count":57,"href":"http:\/\/saares.fi\/index.php?rest_route=\/wp\/v2\/pages\/10\/revisions"}],"predecessor-version":[{"id":445,"href":"http:\/\/saares.fi\/index.php?rest_route=\/wp\/v2\/pages\/10\/revisions\/445"}],"wp:attachment":[{"href":"http:\/\/saares.fi\/index.php?rest_route=%2Fwp%2Fv2%2Fmedia&parent=10"}],"curies":[{"name":"wp","href":"https:\/\/api.w.org\/{rel}","templated":true}]}}